{"id":4437,"date":"2025-11-07T16:18:33","date_gmt":"2025-11-07T16:18:33","guid":{"rendered":"https:\/\/www.almayaboutiquehotels.fr\/politica-de-privacidad\/"},"modified":"2025-11-07T16:25:07","modified_gmt":"2025-11-07T16:25:07","slug":"politica-de-privacidad","status":"publish","type":"page","link":"https:\/\/www.almayaboutiquehotels.fr\/es\/politica-de-privacidad\/","title":{"rendered":"Pol\u00edtica de privacidad"},"content":{"rendered":"<div class=\"fusion-fullwidth fullwidth-box fusion-builder-row-1 fusion-flex-container nonhundred-percent-fullwidth non-hundred-percent-height-scrolling\" style=\"--awb-border-radius-top-left:0px;--awb-border-radius-top-right:0px;--awb-border-radius-bottom-right:0px;--awb-border-radius-bottom-left:0px;--awb-flex-wrap:wrap;\" ><div class=\"fusion-builder-row fusion-row fusion-flex-align-items-flex-start fusion-flex-content-wrap\" style=\"max-width:1289.6px;margin-left: calc(-4% \/ 2 );margin-right: calc(-4% \/ 2 );\"><div class=\"fusion-layout-column fusion_builder_column fusion-builder-column-0 fusion_builder_column_1_1 1_1 fusion-flex-column\" style=\"--awb-bg-blend:overlay;--awb-bg-size:cover;--awb-width-large:100%;--awb-margin-top-large:0px;--awb-spacing-right-large:1.92%;--awb-margin-bottom-large:0px;--awb-spacing-left-large:1.92%;--awb-width-medium:100%;--awb-spacing-right-medium:1.92%;--awb-spacing-left-medium:1.92%;--awb-width-small:100%;--awb-spacing-right-small:1.92%;--awb-spacing-left-small:1.92%;\"><div class=\"fusion-column-wrapper fusion-flex-justify-content-flex-start fusion-content-layout-column\"><div class=\"fusion-text fusion-text-1\"><p>Nos comprometemos a que la recopilaci\u00f3n y el tratamiento de sus datos, efectuados a partir de este sitio web, sean conformes al reglamento general de protecci\u00f3n de datos (RGPD) y a la ley de Inform\u00e1tica y Libertades.<br \/>La presente carta tiene como objetivo informarle de los derechos y libertades que puede hacer valer respecto a nuestro uso de sus datos personales y describe las medidas que implementamos para protegerlos.<\/p>\n<h3 class=\"fusion-responsive-typography-calculated\" data-fontsize=\"36\" data-lineheight=\"46.8px\">SUS DATOS PERSONALES RECOPILADOS<\/h3>\n<h4 class=\"fusion-responsive-typography-calculated\" data-fontsize=\"28\" data-lineheight=\"39.2px\">Fundamento del tratamiento de los datos recopilados y duraci\u00f3n de conservaci\u00f3n<\/h4>\n<p>Es posible que nos proporcione ciertos datos personales como su nombre y apellidos, con el fin de responder especialmente a sus solicitudes de informaci\u00f3n e inscripci\u00f3n. La informaci\u00f3n es necesaria para permitir el tratamiento de su solicitud, en caso contrario no podr\u00e1 ser procesada. <\/p>\n<p>Sus datos se conservan durante el tiempo necesario para la finalidad del tratamiento, es decir, mientras el contacto permanezca activo. En caso de que este \u00faltimo se vuelva inactivo, los datos ser\u00e1n eliminados en un plazo de 3 a\u00f1os. <\/p>\n<h4 class=\"fusion-responsive-typography-calculated\" data-fontsize=\"28\" data-lineheight=\"39.2px\">Seguridad y confidencialidad de sus datos<\/h4>\n<p>Durante el tratamiento de los Datos Personales, Almaya Boutique Hotels toma todas las medidas razonables destinadas a protegerlos contra cualquier p\u00e9rdida, uso indebido, acceso no autorizado, divulgaci\u00f3n, alteraci\u00f3n o destrucci\u00f3n.<\/p>\n<h4 class=\"fusion-responsive-typography-calculated\" data-fontsize=\"28\" data-lineheight=\"39.2px\">Transmisi\u00f3n de la informaci\u00f3n recopilada<\/h4>\n<p>Sus datos no ser\u00e1n vendidos a terceros. Adem\u00e1s, no revelaremos informaci\u00f3n personal a terceros sin su consentimiento, excepto para respetar las Condiciones Generales de Venta, nuestros derechos, o recurrir a an\u00e1lisis estad\u00edsticos. <\/p>\n<h4 class=\"fusion-responsive-typography-calculated\" data-fontsize=\"28\" data-lineheight=\"39.2px\">Sus derechos<\/h4>\n<p>Conforme a la normativa vigente, usted dispone de derecho de acceso, rectificaci\u00f3n, supresi\u00f3n y oposici\u00f3n de sus datos personales. Puede solicitar la comunicaci\u00f3n de sus datos personales y tiene derecho a definir directrices relativas al destino de sus datos de car\u00e1cter personal despu\u00e9s de su fallecimiento. Tambi\u00e9n puede solicitar la limitaci\u00f3n, la portabilidad de sus datos y\/o presentar una reclamaci\u00f3n ante la autoridad de control competente. Dir\u00edjase con su solicitud a la siguiente direcci\u00f3n:   <\/p>\n<p>SARL BFI, 6 RUE DE TURSAN, 64000 PAU<\/p>\n<h3 class=\"fusion-responsive-typography-calculated\" data-fontsize=\"36\" data-lineheight=\"46.8px\">SUS DATOS DE NAVEGACI\u00d3N<\/h3>\n<p>Durante su navegaci\u00f3n por nuestro sitio web, pueden registrarse cookies temporales en su ordenador.<\/p>\n<h4 class=\"fusion-responsive-typography-calculated\" data-fontsize=\"28\" data-lineheight=\"39.2px\">Informaci\u00f3n sobre las cookies<\/h4>\n<p>Una cookie es un archivo que permite registrar informaci\u00f3n relativa a la navegaci\u00f3n de su ordenador en el sitio web (fecha y hora de carga de las p\u00e1ginas; navegador utilizado e idioma; p\u00e1ginas vistas, frecuencia y duraci\u00f3n de visitas al sitio, n\u00famero de visitas, fuentes de la visita, localizaci\u00f3n) y permite especialmente facilitar sus visitas al sitio.<\/p>\n<p>Puede en cualquier momento eliminar las cookies instaladas en su ordenador, oponerse al registro de nuevas cookies y recibir una notificaci\u00f3n antes de la instalaci\u00f3n de una nueva cookie configurando su herramienta de navegaci\u00f3n mediante las instrucciones que figuran a continuaci\u00f3n. Tenga en cuenta que si desinstala una cookie o si se opone a la instalaci\u00f3n de cookies en su ordenador, es posible que no pueda beneficiarse de algunos de los servicios del sitio web. <\/p>\n<h4 class=\"fusion-responsive-typography-calculated\" data-fontsize=\"28\" data-lineheight=\"39.2px\">\u00bfC\u00f3mo configurar su navegador para rechazar o ser advertido de la instalaci\u00f3n de cookies?<\/h4>\n<p>Puede configurar su navegador de manera que la aceptaci\u00f3n o el rechazo de las cookies le sean propuestos previamente, antes de que una cookie pueda ser registrada en su terminal. Para la gesti\u00f3n de las cookies y de sus opciones, la configuraci\u00f3n de cada navegador es diferente. Se describe en el men\u00fa de ayuda de su navegador, que le permitir\u00e1 saber de qu\u00e9 manera modificar sus preferencias en materia de cookies:  <\/p>\n<p>Edge: <a href=\"https:\/\/support.microsoft.com\/fr-fr\/microsoft-edge\/supprimer-les-cookies-dans-microsoft-edge-63947406-40ac-c3b8-57b9-2a946a29ae09\">haga clic aqu\u00ed<\/a><br \/>Safari: <a href=\"https:\/\/support.apple.com\/fr-fr\/guide\/safari\/sfri11471\/mac\">haga clic aqu\u00ed<\/a><br \/>Chrome: <a href=\"https:\/\/support.google.com\/chrome\/answer\/95647?hl=fr\">haga clic aqu\u00ed<\/a><br \/>Firefox: <a href=\"https:\/\/support.mozilla.org\/fr\/kb\/protection-renforcee-contre-pistage-firefox-ordinateur?redirectslug=autoriser-bloquer-cookies-preferences-sites&amp;redirectlocale=fr\">haga clic aqu\u00ed<\/a><\/p>\n<h4 class=\"fusion-responsive-typography-calculated\" data-fontsize=\"28\" data-lineheight=\"39.2px\">Las cookies en este sitio<\/h4>\n<p>Nuestro establecimiento puede verse en la necesidad de utilizar los siguientes tipos de cookies:<\/p>\n<ul>\n<li>Cookies de gesti\u00f3n de sesi\u00f3n<\/li>\n<li>Cookies de medici\u00f3n de audiencia (cookies estad\u00edsticas)<\/li>\n<li>Cookies necesarias para ciertas funcionalidades opcionales<\/li>\n<li>Cookies de las redes sociales generadas especialmente por sus botones de compartir cuando recopilan datos personales<\/li>\n<\/ul>\n<p>Las cookies nos permiten especialmente analizar la manera en que utiliza el sitio, y proponerle una mejor navegaci\u00f3n. Tambi\u00e9n nos ayudan a identificar los posibles problemas que puede encontrar para aportar soluciones r\u00e1pidas. Tambi\u00e9n nos ayudan a prevenir y luchar contra el fraude inform\u00e1tico (spamming, hacking&#8230;).  <\/p>\n<h4 class=\"fusion-responsive-typography-calculated\" data-fontsize=\"28\" data-lineheight=\"39.2px\">El acuerdo sobre las cookies de este sitio<\/h4>\n<p>Durante su primera visita a nuestro sitio, se mostrar\u00e1 un banner informativo en la parte inferior de la p\u00e1gina. Al continuar su navegaci\u00f3n en el Sitio o despu\u00e9s de haber hecho clic en \u00abAcepto\u00bb, usted consiente expresamente a que Almaya Boutique Hotels pueda depositar cookies en su dispositivo. <\/p>\n<p>El plazo de validez del consentimiento para el dep\u00f3sito de cookies es de 12 meses. Al vencimiento de este plazo, solicitaremos nuevamente su consentimiento. Tiene la posibilidad de modificar en cualquier momento los par\u00e1metros relativos a las cookies en su navegador, como se indica anteriormente.  <\/p>\n<h3 class=\"fusion-responsive-typography-calculated\" data-fontsize=\"36\" data-lineheight=\"46.8px\">CONTENIDOS INTEGRADOS DE OTROS SITIOS, O SERVICIOS DE TERCEROS<\/h3>\n<p>Almaya Boutique Hotels puede integrar en su Sitio aplicaciones inform\u00e1ticas de terceros como las redes sociales, permiti\u00e9ndole compartir contenidos del Sitio con otras personas. Los art\u00edculos de este sitio pueden incluir contenidos integrados (por ejemplo v\u00eddeos, enlaces de hipertexto, im\u00e1genes). <\/p>\n<p>Estos contenidos de terceros o integrados pueden entonces identificarle y registrar cookies en sus dispositivos. Le invitamos a consultar su pol\u00edtica de privacidad. Tiene la posibilidad de oponerse simplemente a las cookies mediante los procedimientos detallados presentes en sus sitios.  <\/p>\n<h3 class=\"fusion-responsive-typography-calculated\" data-fontsize=\"36\" data-lineheight=\"46.8px\">MODIFICACI\u00d3N DE LA POL\u00cdTICA DE PRIVACIDAD<\/h3>\n<p>Nos reservamos el derecho de hacer evolucionar la presente Pol\u00edtica de privacidad en cualquier momento, especialmente en aplicaci\u00f3n de los cambios aportados a las leyes y reglamentaciones vigentes. Estas modificaciones comprometen al usuario desde su puesta en l\u00ednea. Conviene por consiguiente verificar estas reglas regularmente para mantenerse informado de nuestros procedimientos y reglas concernientes a su informaci\u00f3n personal.  <\/p>\n<h3 class=\"fusion-responsive-typography-calculated\" data-fontsize=\"36\" data-lineheight=\"46.8px\">\u00bfPREGUNTAS SOBRE NUESTRA POL\u00cdTICA DE PRIVACIDAD Y DE COOKIES?<\/h3>\n<p>Si tiene preguntas o dudas respecto a la presente pol\u00edtica en materia de protecci\u00f3n de la privacidad y de Cookies, puede contactarnos f\u00e1cilmente por correo postal.<\/p>\n<p>Direcci\u00f3n:<br \/>SARL BFI, 6 RUE DE TURSAN, 64000 PAU<\/p>\n<\/div><\/div><\/div><\/div><\/div>\n","protected":false},"excerpt":{"rendered":"","protected":false},"author":1,"featured_media":4331,"parent":0,"menu_order":0,"comment_status":"closed","ping_status":"closed","template":"","meta":{"footnotes":""},"class_list":["post-4437","page","type-page","status-publish","has-post-thumbnail","hentry"],"_links":{"self":[{"href":"https:\/\/www.almayaboutiquehotels.fr\/es\/wp-json\/wp\/v2\/pages\/4437","targetHints":{"allow":["GET"]}}],"collection":[{"href":"https:\/\/www.almayaboutiquehotels.fr\/es\/wp-json\/wp\/v2\/pages"}],"about":[{"href":"https:\/\/www.almayaboutiquehotels.fr\/es\/wp-json\/wp\/v2\/types\/page"}],"author":[{"embeddable":true,"href":"https:\/\/www.almayaboutiquehotels.fr\/es\/wp-json\/wp\/v2\/users\/1"}],"replies":[{"embeddable":true,"href":"https:\/\/www.almayaboutiquehotels.fr\/es\/wp-json\/wp\/v2\/comments?post=4437"}],"version-history":[{"count":2,"href":"https:\/\/www.almayaboutiquehotels.fr\/es\/wp-json\/wp\/v2\/pages\/4437\/revisions"}],"predecessor-version":[{"id":4440,"href":"https:\/\/www.almayaboutiquehotels.fr\/es\/wp-json\/wp\/v2\/pages\/4437\/revisions\/4440"}],"wp:featuredmedia":[{"embeddable":true,"href":"https:\/\/www.almayaboutiquehotels.fr\/es\/wp-json\/wp\/v2\/media\/4331"}],"wp:attachment":[{"href":"https:\/\/www.almayaboutiquehotels.fr\/es\/wp-json\/wp\/v2\/media?parent=4437"}],"curies":[{"name":"wp","href":"https:\/\/api.w.org\/{rel}","templated":true}]}}