{"id":4330,"date":"2025-11-05T13:58:43","date_gmt":"2025-11-05T13:58:43","guid":{"rendered":"https:\/\/www.almayaboutiquehotels.fr\/aviso-legal\/"},"modified":"2025-11-07T16:23:59","modified_gmt":"2025-11-07T16:23:59","slug":"aviso-legal","status":"publish","type":"page","link":"https:\/\/www.almayaboutiquehotels.fr\/es\/aviso-legal\/","title":{"rendered":"Aviso legal"},"content":{"rendered":"<div class=\"fusion-fullwidth fullwidth-box fusion-builder-row-1 fusion-flex-container nonhundred-percent-fullwidth non-hundred-percent-height-scrolling\" style=\"--awb-border-radius-top-left:0px;--awb-border-radius-top-right:0px;--awb-border-radius-bottom-right:0px;--awb-border-radius-bottom-left:0px;--awb-flex-wrap:wrap;\" ><div class=\"fusion-builder-row fusion-row fusion-flex-align-items-flex-start fusion-flex-content-wrap\" style=\"max-width:1289.6px;margin-left: calc(-4% \/ 2 );margin-right: calc(-4% \/ 2 );\"><div class=\"fusion-layout-column fusion_builder_column fusion-builder-column-0 fusion_builder_column_1_1 1_1 fusion-flex-column\" style=\"--awb-bg-blend:overlay;--awb-bg-size:cover;--awb-width-large:100%;--awb-margin-top-large:0px;--awb-spacing-right-large:1.92%;--awb-margin-bottom-large:0px;--awb-spacing-left-large:1.92%;--awb-width-medium:100%;--awb-spacing-right-medium:1.92%;--awb-spacing-left-medium:1.92%;--awb-width-small:100%;--awb-spacing-right-small:1.92%;--awb-spacing-left-small:1.92%;\"><div class=\"fusion-column-wrapper fusion-flex-justify-content-flex-start fusion-content-layout-column\"><div class=\"fusion-text fusion-text-1\"><p><strong>De conformidad con las disposiciones de la Ley n\u00b0 2004-575 de 21 de junio de 2004 para la confianza en la econom\u00eda digital, se informa a los usuarios del sitio web <\/strong>www.almayaboutiquehotels.fr <strong>sobre la identidad de los diferentes intervinientes en el marco de su realizaci\u00f3n y seguimiento.<\/strong><\/p>\n<p><strong>Propietario:<\/strong> SARL B F I<\/p>\n<p>Direcci\u00f3n: <span style=\"background-color: rgba(0, 0, 0, 0);\">6 rue du Tursan, <\/span><span style=\"background-color: rgba(0, 0, 0, 0);\">64000 PAU<\/span><\/p>\n<p>Correo electr\u00f3nico: contact@almayaboutiquehotels.fr<br \/>SIRET: 42072816400062<br \/>N\u00b0 de IVA intracomunitario: FR37420728164<\/p>\n<p><strong>Director de publicaci\u00f3n, representante legal<\/strong>: Sr. Ludovic Br\u00e9ant<br \/>Dise\u00f1o y concepci\u00f3n del sitio web: ESKALE<br \/>Alojamiento: 1and1 Ionos Internet SARL, 7 place de la Gare, BP 70109, 57201 Sarreguemines Cedex<\/p>\n<p><strong>Ley de protecci\u00f3n de datos<\/strong>: Todo usuario tiene derecho de acceso, modificaci\u00f3n, rectificaci\u00f3n y supresi\u00f3n de los datos que le conciernen, de conformidad con la Ley n\u00b0 7817 del 6\/01\/78 (Inform\u00e1tica y Libertades), dirigi\u00e9ndose a contact@almayaboutiquehotels.fr<\/p>\n<p><strong>Propiedad<\/strong>: El sitio web y la informaci\u00f3n que contiene est\u00e1n protegidos por la ley francesa de propiedad intelectual y por los convenios internacionales. Fuera del uso en el \u00e1mbito familiar o privado, el sitio web y ning\u00fan elemento de su contenido pueden ser reproducidos, republicados, transcritos, modificados o retransmitidos sin la autorizaci\u00f3n previa de los titulares de los derechos.<\/p>\n<p><strong>Cr\u00e9ditos de las fotos<\/strong>: Adobe Stock, Pixabay, Wikimedia<\/p>\n<p><!-- \/wp:post-content --><\/p>\n<p><!-- wp:quote --><\/p>\n<p><!-- \/wp:quote --><\/p>\n<\/div><\/div><\/div><\/div><\/div>\n","protected":false},"excerpt":{"rendered":"","protected":false},"author":1,"featured_media":4331,"parent":0,"menu_order":0,"comment_status":"closed","ping_status":"closed","template":"","meta":{"footnotes":""},"class_list":["post-4330","page","type-page","status-publish","has-post-thumbnail","hentry"],"_links":{"self":[{"href":"https:\/\/www.almayaboutiquehotels.fr\/es\/wp-json\/wp\/v2\/pages\/4330","targetHints":{"allow":["GET"]}}],"collection":[{"href":"https:\/\/www.almayaboutiquehotels.fr\/es\/wp-json\/wp\/v2\/pages"}],"about":[{"href":"https:\/\/www.almayaboutiquehotels.fr\/es\/wp-json\/wp\/v2\/types\/page"}],"author":[{"embeddable":true,"href":"https:\/\/www.almayaboutiquehotels.fr\/es\/wp-json\/wp\/v2\/users\/1"}],"replies":[{"embeddable":true,"href":"https:\/\/www.almayaboutiquehotels.fr\/es\/wp-json\/wp\/v2\/comments?post=4330"}],"version-history":[{"count":1,"href":"https:\/\/www.almayaboutiquehotels.fr\/es\/wp-json\/wp\/v2\/pages\/4330\/revisions"}],"predecessor-version":[{"id":4332,"href":"https:\/\/www.almayaboutiquehotels.fr\/es\/wp-json\/wp\/v2\/pages\/4330\/revisions\/4332"}],"wp:featuredmedia":[{"embeddable":true,"href":"https:\/\/www.almayaboutiquehotels.fr\/es\/wp-json\/wp\/v2\/media\/4331"}],"wp:attachment":[{"href":"https:\/\/www.almayaboutiquehotels.fr\/es\/wp-json\/wp\/v2\/media?parent=4330"}],"curies":[{"name":"wp","href":"https:\/\/api.w.org\/{rel}","templated":true}]}}